{"id":10966,"date":"2023-05-12T16:07:11","date_gmt":"2023-05-12T19:07:11","guid":{"rendered":"http:\/\/site.irko.com.br\/sms-latinoamerica\/"},"modified":"2023-08-11T18:53:33","modified_gmt":"2023-08-11T21:53:33","slug":"sms-latinoamerica","status":"publish","type":"page","link":"https:\/\/site.irko.com.br\/es\/sms-latinoamerica\/","title":{"rendered":"SMS Latinoam\u00e9rica"},"content":{"rendered":"\t\t<div data-elementor-type=\"wp-page\" data-elementor-id=\"10966\" class=\"elementor elementor-10966 elementor-7127\" data-elementor-post-type=\"page\">\n\t\t\t\t\t\t<section class=\"elementor-section elementor-top-section elementor-element elementor-element-2a12f9c elementor-section-boxed elementor-section-height-default elementor-section-height-default\" data-id=\"2a12f9c\" data-element_type=\"section\" data-settings=\"{&quot;background_background&quot;:&quot;classic&quot;}\">\n\t\t\t\t\t\t\t<div class=\"elementor-background-overlay\"><\/div>\n\t\t\t\t\t\t\t<div class=\"elementor-container elementor-column-gap-default\">\n\t\t\t\t\t<div class=\"elementor-column elementor-col-100 elementor-top-column elementor-element elementor-element-ddf6a78\" data-id=\"ddf6a78\" data-element_type=\"column\">\n\t\t\t<div class=\"elementor-widget-wrap elementor-element-populated\">\n\t\t\t\t\t\t<div class=\"elementor-element elementor-element-d658ac5 elementor-widget elementor-widget-heading\" data-id=\"d658ac5\" data-element_type=\"widget\" data-widget_type=\"heading.default\">\n\t\t\t\t<div class=\"elementor-widget-container\">\n\t\t\t<h2 class=\"elementor-heading-title elementor-size-default\">SMS Latinoam\u00e9rica<\/h2>\t\t<\/div>\n\t\t\t\t<\/div>\n\t\t\t\t\t<\/div>\n\t\t<\/div>\n\t\t\t\t\t<\/div>\n\t\t<\/section>\n\t\t\t\t<section class=\"elementor-section elementor-top-section elementor-element elementor-element-c4915df elementor-section-boxed elementor-section-height-default elementor-section-height-default\" data-id=\"c4915df\" data-element_type=\"section\">\n\t\t\t\t\t\t<div class=\"elementor-container elementor-column-gap-default\">\n\t\t\t\t\t<div class=\"elementor-column elementor-col-50 elementor-top-column elementor-element elementor-element-7e5ac04\" data-id=\"7e5ac04\" data-element_type=\"column\">\n\t\t\t<div class=\"elementor-widget-wrap elementor-element-populated\">\n\t\t\t\t\t\t<div class=\"elementor-element elementor-element-95942d3 elementor-widget elementor-widget-image\" data-id=\"95942d3\" data-element_type=\"widget\" data-widget_type=\"image.default\">\n\t\t\t\t<div class=\"elementor-widget-container\">\n\t\t\t\t\t\t\t\t\t\t\t\t\t<img fetchpriority=\"high\" decoding=\"async\" width=\"532\" height=\"107\" src=\"https:\/\/site.irko.com.br\/wp-content\/uploads\/2023\/03\/Asset-5.png\" class=\"attachment-large size-large wp-image-10337\" alt=\"\" srcset=\"https:\/\/site.irko.com.br\/wp-content\/uploads\/2023\/03\/Asset-5.png 532w, https:\/\/site.irko.com.br\/wp-content\/uploads\/2023\/03\/Asset-5-300x60.png 300w\" sizes=\"(max-width: 532px) 100vw, 532px\" \/>\t\t\t\t\t\t\t\t\t\t\t\t\t<\/div>\n\t\t\t\t<\/div>\n\t\t\t\t<div class=\"elementor-element elementor-element-beb0e93 elementor-widget elementor-widget-text-editor\" data-id=\"beb0e93\" data-element_type=\"widget\" data-widget_type=\"text-editor.default\">\n\t\t\t\t<div class=\"elementor-widget-container\">\n\t\t\t\t\t\t\t<p>IRKO es una firma miembro de SMS Latinoam\u00e9rica, una organizaci\u00f3n integrada por Firmas profesionales independientes de Auditor\u00eda, Consultor\u00eda, Contabilidad y Asesor\u00eda Fiscal para empresas que comparten tecnolog\u00eda de \u00faltima generaci\u00f3n para brindar los mejores servicios profesionales a los clientes.<\/p>\n<p>Por medio de la red de Firmas SMS Latinoam\u00e9rica, se puede generar una s\u00f3lida presencia en toda Am\u00e9rica Latina y Caribe, y cubrir las necesidades y expectativas de los clientes.<\/p>\n<p>En 2008, SMS Latinoam\u00e9rica fue admitida como miembro pleno del Foro de Firmas, Comit\u00e9 de la IFAC (Federaci\u00f3n Internacional de Contadores) que incluye, exclusivamente, firmas que adoptan est\u00e1ndares internacionales de auditor\u00eda y control de calidad. Actualmente, el Foro de Firmas cuenta con un total de 31 miembros.<\/p>\n<p>M\u00e1s informaci\u00f3n en <a href=\"http:\/\/www.smslatam.com\/\">http:\/\/www.smslatam.com\/<\/a><\/p>\n\t\t\t\t\t\t<\/div>\n\t\t\t\t<\/div>\n\t\t\t\t<div class=\"elementor-element elementor-element-3e41506 elementor-widget elementor-widget-text-editor\" data-id=\"3e41506\" data-element_type=\"widget\" data-widget_type=\"text-editor.default\">\n\t\t\t\t<div class=\"elementor-widget-container\">\n\t\t\t\t\t\t\t<p>EL GRUPO IRKO ES UNA FIRMA MIEMBRO DE SMS LATINOAM\u00c9RICA, UNA RED DE FIRMAS PROFESIONALES CUYOS MIEMBROS SON PERSONAS JUR\u00cdDICAS DISTINTAS, AUT\u00d3NOMAS E INDEPENDIENTES QUE OPERAN BAJO SU PROPIO NOMBRE Y SE IDENTIFICAN COMO MIEMBROS DE SMS LATINOAM\u00c9RICA.<\/p>\n\t\t\t\t\t\t<\/div>\n\t\t\t\t<\/div>\n\t\t\t\t\t<\/div>\n\t\t<\/div>\n\t\t\t\t<div class=\"elementor-column elementor-col-50 elementor-top-column elementor-element elementor-element-08b41af\" data-id=\"08b41af\" data-element_type=\"column\">\n\t\t\t<div class=\"elementor-widget-wrap elementor-element-populated\">\n\t\t\t\t\t\t<div class=\"elementor-element elementor-element-f7e0395 elementor-widget elementor-widget-image\" data-id=\"f7e0395\" data-element_type=\"widget\" data-widget_type=\"image.default\">\n\t\t\t\t<div class=\"elementor-widget-container\">\n\t\t\t\t\t\t\t\t\t\t\t\t\t<img decoding=\"async\" width=\"800\" height=\"1008\" src=\"https:\/\/site.irko.com.br\/wp-content\/uploads\/2023\/05\/Parceria-IRKO-SMS_mapa-e-lista-de-paises-813x1024.png\" class=\"attachment-large size-large wp-image-10379\" alt=\"\" srcset=\"https:\/\/site.irko.com.br\/wp-content\/uploads\/2023\/05\/Parceria-IRKO-SMS_mapa-e-lista-de-paises-813x1024.png 813w, https:\/\/site.irko.com.br\/wp-content\/uploads\/2023\/05\/Parceria-IRKO-SMS_mapa-e-lista-de-paises-238x300.png 238w, https:\/\/site.irko.com.br\/wp-content\/uploads\/2023\/05\/Parceria-IRKO-SMS_mapa-e-lista-de-paises-768x967.png 768w, https:\/\/site.irko.com.br\/wp-content\/uploads\/2023\/05\/Parceria-IRKO-SMS_mapa-e-lista-de-paises-1220x1536.png 1220w, https:\/\/site.irko.com.br\/wp-content\/uploads\/2023\/05\/Parceria-IRKO-SMS_mapa-e-lista-de-paises.png 1595w\" sizes=\"(max-width: 800px) 100vw, 800px\" \/>\t\t\t\t\t\t\t\t\t\t\t\t\t<\/div>\n\t\t\t\t<\/div>\n\t\t\t\t\t<\/div>\n\t\t<\/div>\n\t\t\t\t\t<\/div>\n\t\t<\/section>\n\t\t\t\t<\/div>\n\t\t","protected":false},"excerpt":{"rendered":"<p>SMS Latinoam\u00e9rica IRKO es una firma miembro de SMS Latinoam\u00e9rica, una organizaci\u00f3n integrada por Firmas profesionales independientes de Auditor\u00eda, Consultor\u00eda, Contabilidad y Asesor\u00eda Fiscal para empresas que comparten tecnolog\u00eda de \u00faltima generaci\u00f3n para brindar los mejores servicios profesionales a los clientes. Por medio de la red de Firmas SMS Latinoam\u00e9rica, se puede generar una s\u00f3lida [&hellip;]<\/p>\n","protected":false},"author":1,"featured_media":0,"parent":0,"menu_order":0,"comment_status":"closed","ping_status":"closed","template":"","meta":{"_acf_changed":false,"footnotes":""},"class_list":["post-10966","page","type-page","status-publish","hentry"],"acf":[],"yoast_head":"<!-- This site is optimized with the Yoast SEO plugin v23.9 - https:\/\/yoast.com\/wordpress\/plugins\/seo\/ -->\n<title>SMS Latinoam\u00e9rica - IRKO<\/title>\n<meta name=\"robots\" content=\"index, follow, max-snippet:-1, max-image-preview:large, max-video-preview:-1\" \/>\n<meta property=\"og:locale\" content=\"es_ES\" \/>\n<meta property=\"og:type\" content=\"article\" \/>\n<meta property=\"og:title\" content=\"SMS Latinoam\u00e9rica - IRKO\" \/>\n<meta property=\"og:description\" content=\"SMS Latinoam\u00e9rica IRKO es una firma miembro de SMS Latinoam\u00e9rica, una organizaci\u00f3n integrada por Firmas profesionales independientes de Auditor\u00eda, Consultor\u00eda, Contabilidad y Asesor\u00eda Fiscal para empresas que comparten tecnolog\u00eda de \u00faltima generaci\u00f3n para brindar los mejores servicios profesionales a los clientes. Por medio de la red de Firmas SMS Latinoam\u00e9rica, se puede generar una s\u00f3lida [&hellip;]\" \/>\n<meta property=\"og:url\" content=\"https:\/\/site.irko.com.br\/es\/sms-latinoamerica\/\" \/>\n<meta property=\"og:site_name\" content=\"IRKO\" \/>\n<meta property=\"article:publisher\" content=\"https:\/\/www.facebook.com\/IRKOcontabil\/\" \/>\n<meta property=\"article:modified_time\" content=\"2023-08-11T21:53:33+00:00\" \/>\n<meta property=\"og:image\" content=\"http:\/\/site.irko.com.br\/wp-content\/uploads\/2023\/03\/Asset-5.png\" \/>\n<script type=\"application\/ld+json\" class=\"yoast-schema-graph\">{\"@context\":\"https:\/\/schema.org\",\"@graph\":[{\"@type\":\"WebPage\",\"@id\":\"https:\/\/site.irko.com.br\/es\/sms-latinoamerica\/\",\"url\":\"https:\/\/site.irko.com.br\/es\/sms-latinoamerica\/\",\"name\":\"SMS Latinoam\u00e9rica - IRKO\",\"isPartOf\":{\"@id\":\"https:\/\/site.irko.com.br\/es\/#website\"},\"primaryImageOfPage\":{\"@id\":\"https:\/\/site.irko.com.br\/es\/sms-latinoamerica\/#primaryimage\"},\"image\":{\"@id\":\"https:\/\/site.irko.com.br\/es\/sms-latinoamerica\/#primaryimage\"},\"thumbnailUrl\":\"http:\/\/site.irko.com.br\/wp-content\/uploads\/2023\/03\/Asset-5.png\",\"datePublished\":\"2023-05-12T19:07:11+00:00\",\"dateModified\":\"2023-08-11T21:53:33+00:00\",\"breadcrumb\":{\"@id\":\"https:\/\/site.irko.com.br\/es\/sms-latinoamerica\/#breadcrumb\"},\"inLanguage\":\"es\",\"potentialAction\":[{\"@type\":\"ReadAction\",\"target\":[\"https:\/\/site.irko.com.br\/es\/sms-latinoamerica\/\"]}]},{\"@type\":\"ImageObject\",\"inLanguage\":\"es\",\"@id\":\"https:\/\/site.irko.com.br\/es\/sms-latinoamerica\/#primaryimage\",\"url\":\"http:\/\/site.irko.com.br\/wp-content\/uploads\/2023\/03\/Asset-5.png\",\"contentUrl\":\"http:\/\/site.irko.com.br\/wp-content\/uploads\/2023\/03\/Asset-5.png\"},{\"@type\":\"BreadcrumbList\",\"@id\":\"https:\/\/site.irko.com.br\/es\/sms-latinoamerica\/#breadcrumb\",\"itemListElement\":[{\"@type\":\"ListItem\",\"position\":1,\"name\":\"In\u00edcio\",\"item\":\"https:\/\/site.irko.com.br\/es\/\"},{\"@type\":\"ListItem\",\"position\":2,\"name\":\"SMS Latinoam\u00e9rica\"}]},{\"@type\":\"WebSite\",\"@id\":\"https:\/\/site.irko.com.br\/es\/#website\",\"url\":\"https:\/\/site.irko.com.br\/es\/\",\"name\":\"IRKO\",\"description\":\"Boutique de Servi\u00e7os Profissionais\",\"publisher\":{\"@id\":\"https:\/\/site.irko.com.br\/es\/#organization\"},\"potentialAction\":[{\"@type\":\"SearchAction\",\"target\":{\"@type\":\"EntryPoint\",\"urlTemplate\":\"https:\/\/site.irko.com.br\/es\/?s={search_term_string}\"},\"query-input\":{\"@type\":\"PropertyValueSpecification\",\"valueRequired\":true,\"valueName\":\"search_term_string\"}}],\"inLanguage\":\"es\"},{\"@type\":\"Organization\",\"@id\":\"https:\/\/site.irko.com.br\/es\/#organization\",\"name\":\"IRKO\",\"alternateName\":\"IRKO\",\"url\":\"https:\/\/site.irko.com.br\/es\/\",\"logo\":{\"@type\":\"ImageObject\",\"inLanguage\":\"es\",\"@id\":\"https:\/\/site.irko.com.br\/es\/#\/schema\/logo\/image\/\",\"url\":\"https:\/\/site.irko.com.br\/wp-content\/uploads\/2023\/04\/Ativo-1.svg\",\"contentUrl\":\"https:\/\/site.irko.com.br\/wp-content\/uploads\/2023\/04\/Ativo-1.svg\",\"width\":93.71,\"height\":63.47,\"caption\":\"IRKO\"},\"image\":{\"@id\":\"https:\/\/site.irko.com.br\/es\/#\/schema\/logo\/image\/\"},\"sameAs\":[\"https:\/\/www.facebook.com\/IRKOcontabil\/\",\"https:\/\/www.instagram.com\/dna.irko\/\"]}]}<\/script>\n<!-- \/ Yoast SEO plugin. -->","yoast_head_json":{"title":"SMS Latinoam\u00e9rica - IRKO","robots":{"index":"index","follow":"follow","max-snippet":"max-snippet:-1","max-image-preview":"max-image-preview:large","max-video-preview":"max-video-preview:-1"},"og_locale":"es_ES","og_type":"article","og_title":"SMS Latinoam\u00e9rica - IRKO","og_description":"SMS Latinoam\u00e9rica IRKO es una firma miembro de SMS Latinoam\u00e9rica, una organizaci\u00f3n integrada por Firmas profesionales independientes de Auditor\u00eda, Consultor\u00eda, Contabilidad y Asesor\u00eda Fiscal para empresas que comparten tecnolog\u00eda de \u00faltima generaci\u00f3n para brindar los mejores servicios profesionales a los clientes. Por medio de la red de Firmas SMS Latinoam\u00e9rica, se puede generar una s\u00f3lida [&hellip;]","og_url":"https:\/\/site.irko.com.br\/es\/sms-latinoamerica\/","og_site_name":"IRKO","article_publisher":"https:\/\/www.facebook.com\/IRKOcontabil\/","article_modified_time":"2023-08-11T21:53:33+00:00","og_image":[{"url":"http:\/\/site.irko.com.br\/wp-content\/uploads\/2023\/03\/Asset-5.png"}],"schema":{"@context":"https:\/\/schema.org","@graph":[{"@type":"WebPage","@id":"https:\/\/site.irko.com.br\/es\/sms-latinoamerica\/","url":"https:\/\/site.irko.com.br\/es\/sms-latinoamerica\/","name":"SMS Latinoam\u00e9rica - IRKO","isPartOf":{"@id":"https:\/\/site.irko.com.br\/es\/#website"},"primaryImageOfPage":{"@id":"https:\/\/site.irko.com.br\/es\/sms-latinoamerica\/#primaryimage"},"image":{"@id":"https:\/\/site.irko.com.br\/es\/sms-latinoamerica\/#primaryimage"},"thumbnailUrl":"http:\/\/site.irko.com.br\/wp-content\/uploads\/2023\/03\/Asset-5.png","datePublished":"2023-05-12T19:07:11+00:00","dateModified":"2023-08-11T21:53:33+00:00","breadcrumb":{"@id":"https:\/\/site.irko.com.br\/es\/sms-latinoamerica\/#breadcrumb"},"inLanguage":"es","potentialAction":[{"@type":"ReadAction","target":["https:\/\/site.irko.com.br\/es\/sms-latinoamerica\/"]}]},{"@type":"ImageObject","inLanguage":"es","@id":"https:\/\/site.irko.com.br\/es\/sms-latinoamerica\/#primaryimage","url":"http:\/\/site.irko.com.br\/wp-content\/uploads\/2023\/03\/Asset-5.png","contentUrl":"http:\/\/site.irko.com.br\/wp-content\/uploads\/2023\/03\/Asset-5.png"},{"@type":"BreadcrumbList","@id":"https:\/\/site.irko.com.br\/es\/sms-latinoamerica\/#breadcrumb","itemListElement":[{"@type":"ListItem","position":1,"name":"In\u00edcio","item":"https:\/\/site.irko.com.br\/es\/"},{"@type":"ListItem","position":2,"name":"SMS Latinoam\u00e9rica"}]},{"@type":"WebSite","@id":"https:\/\/site.irko.com.br\/es\/#website","url":"https:\/\/site.irko.com.br\/es\/","name":"IRKO","description":"Boutique de Servi\u00e7os Profissionais","publisher":{"@id":"https:\/\/site.irko.com.br\/es\/#organization"},"potentialAction":[{"@type":"SearchAction","target":{"@type":"EntryPoint","urlTemplate":"https:\/\/site.irko.com.br\/es\/?s={search_term_string}"},"query-input":{"@type":"PropertyValueSpecification","valueRequired":true,"valueName":"search_term_string"}}],"inLanguage":"es"},{"@type":"Organization","@id":"https:\/\/site.irko.com.br\/es\/#organization","name":"IRKO","alternateName":"IRKO","url":"https:\/\/site.irko.com.br\/es\/","logo":{"@type":"ImageObject","inLanguage":"es","@id":"https:\/\/site.irko.com.br\/es\/#\/schema\/logo\/image\/","url":"https:\/\/site.irko.com.br\/wp-content\/uploads\/2023\/04\/Ativo-1.svg","contentUrl":"https:\/\/site.irko.com.br\/wp-content\/uploads\/2023\/04\/Ativo-1.svg","width":93.71,"height":63.47,"caption":"IRKO"},"image":{"@id":"https:\/\/site.irko.com.br\/es\/#\/schema\/logo\/image\/"},"sameAs":["https:\/\/www.facebook.com\/IRKOcontabil\/","https:\/\/www.instagram.com\/dna.irko\/"]}]}},"_links":{"self":[{"href":"https:\/\/site.irko.com.br\/es\/wp-json\/wp\/v2\/pages\/10966"}],"collection":[{"href":"https:\/\/site.irko.com.br\/es\/wp-json\/wp\/v2\/pages"}],"about":[{"href":"https:\/\/site.irko.com.br\/es\/wp-json\/wp\/v2\/types\/page"}],"author":[{"embeddable":true,"href":"https:\/\/site.irko.com.br\/es\/wp-json\/wp\/v2\/users\/1"}],"replies":[{"embeddable":true,"href":"https:\/\/site.irko.com.br\/es\/wp-json\/wp\/v2\/comments?post=10966"}],"version-history":[{"count":1,"href":"https:\/\/site.irko.com.br\/es\/wp-json\/wp\/v2\/pages\/10966\/revisions"}],"predecessor-version":[{"id":10967,"href":"https:\/\/site.irko.com.br\/es\/wp-json\/wp\/v2\/pages\/10966\/revisions\/10967"}],"wp:attachment":[{"href":"https:\/\/site.irko.com.br\/es\/wp-json\/wp\/v2\/media?parent=10966"}],"curies":[{"name":"wp","href":"https:\/\/api.w.org\/{rel}","templated":true}]}}